{"id":650,"date":"2022-12-13T08:32:48","date_gmt":"2022-12-13T13:32:48","guid":{"rendered":"https:\/\/brodybuilding.com\/product\/programme-dentrainement-physique\/"},"modified":"2022-12-13T08:32:48","modified_gmt":"2022-12-13T13:32:48","slug":"programme-entrainement-physique","status":"publish","type":"product","link":"https:\/\/brodybuilding.com\/fr\/produit\/programme-entrainement-physique\/","title":{"rendered":"Programme d&rsquo;entra\u00eenement physique"},"content":{"rendered":"<p>Programme d&rsquo;entra\u00eenement physique + D\u00e9monstration d&rsquo;une heure<\/p>\n","protected":false},"excerpt":{"rendered":"<p>Programme d&rsquo;entra\u00eenement physique + D\u00e9monstration d&rsquo;une heure<\/p>\n","protected":false},"featured_media":324,"comment_status":"closed","ping_status":"closed","template":"","meta":[],"product_brand":[],"product_cat":[42],"product_tag":[],"class_list":{"0":"post-650","1":"product","2":"type-product","3":"status-publish","4":"has-post-thumbnail","6":"product_cat-uncategorized-fr","8":"first","9":"instock","10":"virtual","11":"taxable","12":"purchasable","13":"product-type-simple"},"_links":{"self":[{"href":"https:\/\/brodybuilding.com\/fr\/wp-json\/wp\/v2\/product\/650","targetHints":{"allow":["GET"]}}],"collection":[{"href":"https:\/\/brodybuilding.com\/fr\/wp-json\/wp\/v2\/product"}],"about":[{"href":"https:\/\/brodybuilding.com\/fr\/wp-json\/wp\/v2\/types\/product"}],"replies":[{"embeddable":true,"href":"https:\/\/brodybuilding.com\/fr\/wp-json\/wp\/v2\/comments?post=650"}],"wp:featuredmedia":[{"embeddable":true,"href":"https:\/\/brodybuilding.com\/fr\/wp-json\/wp\/v2\/media\/324"}],"wp:attachment":[{"href":"https:\/\/brodybuilding.com\/fr\/wp-json\/wp\/v2\/media?parent=650"}],"wp:term":[{"taxonomy":"product_brand","embeddable":true,"href":"https:\/\/brodybuilding.com\/fr\/wp-json\/wp\/v2\/product_brand?post=650"},{"taxonomy":"product_cat","embeddable":true,"href":"https:\/\/brodybuilding.com\/fr\/wp-json\/wp\/v2\/product_cat?post=650"},{"taxonomy":"product_tag","embeddable":true,"href":"https:\/\/brodybuilding.com\/fr\/wp-json\/wp\/v2\/product_tag?post=650"}],"curies":[{"name":"wp","href":"https:\/\/api.w.org\/{rel}","templated":true}]}}