{"id":362,"date":"2022-10-31T15:21:41","date_gmt":"2022-10-31T19:21:41","guid":{"rendered":"https:\/\/brodybuilding.com\/product\/programme-entrainement-argent\/"},"modified":"2024-10-01T12:19:27","modified_gmt":"2024-10-01T16:19:27","slug":"programme-entrainement-argent","status":"publish","type":"product","link":"https:\/\/brodybuilding.com\/fr\/produit\/programme-entrainement-argent\/","title":{"rendered":"Plan d&rsquo;entra\u00eenement physique argent"},"content":{"rendered":"<div class=\"elementor-price-table__feature-inner\">3 mois de services<\/div>\n<p> Travaillez avec un coach de Brodybuilding pour aligner tous les \u00e9l\u00e9ments de votre mode de vie, ce qui vous permettra d&rsquo;am\u00e9liorer votre sant\u00e9 et votre bien-\u00eatre en g\u00e9n\u00e9ral. L&rsquo;exercice, la nutrition et les facteurs de r\u00e9cup\u00e9ration sont autant de discussions n\u00e9cessaires pour optimiser votre physiologie. <\/p>\n","protected":false},"excerpt":{"rendered":"<p>Travaillez avec un coach de Brodybuilding, pendant 3 mois, sur l&rsquo;alignement de tous les \u00e9l\u00e9ments du mode de vie qui vous conduiront \u00e0 une meilleure sant\u00e9 et \u00e0 un meilleur bien-\u00eatre g\u00e9n\u00e9ral. L&rsquo;exercice, la nutrition et les facteurs de r\u00e9cup\u00e9ration sont autant de discussions n\u00e9cessaires pour optimiser votre physiologie. <\/p>\n","protected":false},"featured_media":333,"comment_status":"closed","ping_status":"closed","template":"","meta":[],"product_brand":[],"product_cat":[38],"product_tag":[],"class_list":{"0":"post-362","1":"product","2":"type-product","3":"status-publish","4":"has-post-thumbnail","6":"product_cat-entrainement-physique","8":"first","9":"instock","10":"virtual","11":"taxable","12":"purchasable","13":"product-type-simple"},"_links":{"self":[{"href":"https:\/\/brodybuilding.com\/fr\/wp-json\/wp\/v2\/product\/362","targetHints":{"allow":["GET"]}}],"collection":[{"href":"https:\/\/brodybuilding.com\/fr\/wp-json\/wp\/v2\/product"}],"about":[{"href":"https:\/\/brodybuilding.com\/fr\/wp-json\/wp\/v2\/types\/product"}],"replies":[{"embeddable":true,"href":"https:\/\/brodybuilding.com\/fr\/wp-json\/wp\/v2\/comments?post=362"}],"wp:featuredmedia":[{"embeddable":true,"href":"https:\/\/brodybuilding.com\/fr\/wp-json\/wp\/v2\/media\/333"}],"wp:attachment":[{"href":"https:\/\/brodybuilding.com\/fr\/wp-json\/wp\/v2\/media?parent=362"}],"wp:term":[{"taxonomy":"product_brand","embeddable":true,"href":"https:\/\/brodybuilding.com\/fr\/wp-json\/wp\/v2\/product_brand?post=362"},{"taxonomy":"product_cat","embeddable":true,"href":"https:\/\/brodybuilding.com\/fr\/wp-json\/wp\/v2\/product_cat?post=362"},{"taxonomy":"product_tag","embeddable":true,"href":"https:\/\/brodybuilding.com\/fr\/wp-json\/wp\/v2\/product_tag?post=362"}],"curies":[{"name":"wp","href":"https:\/\/api.w.org\/{rel}","templated":true}]}}