{"id":310,"date":"2022-11-02T19:04:02","date_gmt":"2022-11-02T23:04:02","guid":{"rendered":"https:\/\/brodybuilding.com\/product\/plan-dentrainement-physique-bronze\/"},"modified":"2024-10-01T12:18:59","modified_gmt":"2024-10-01T16:18:59","slug":"bronze-fitness-coaching-plan-2","status":"publish","type":"product","link":"https:\/\/brodybuilding.com\/fr\/produit\/bronze-fitness-coaching-plan-2\/","title":{"rendered":"Plan d&rsquo;entra\u00eenement physique bronze"},"content":{"rendered":"<p>Plan de 1 mois Travaillez avec un coach de Brodybuilding pour aligner tous les \u00e9l\u00e9ments de votre mode de vie, ce qui vous conduira \u00e0 une meilleure sant\u00e9 et \u00e0 un meilleur bien-\u00eatre g\u00e9n\u00e9ral. L&rsquo;exercice, la nutrition et les facteurs de r\u00e9cup\u00e9ration sont autant de discussions n\u00e9cessaires pour optimiser votre physiologie. <\/p>\n","protected":false},"excerpt":{"rendered":"<p>Travaillez avec un coach de Brodybuilding, pendant un mois, sur l&rsquo;alignement de tous les \u00e9l\u00e9ments du mode de vie, ce qui vous conduira \u00e0 une meilleure sant\u00e9 et \u00e0 un meilleur bien-\u00eatre g\u00e9n\u00e9ral. L&rsquo;exercice, la nutrition et les facteurs de r\u00e9cup\u00e9ration sont autant de discussions n\u00e9cessaires pour optimiser votre physiologie. <\/p>\n","protected":false},"featured_media":333,"comment_status":"closed","ping_status":"closed","template":"","meta":[],"product_brand":[],"product_cat":[38,44],"product_tag":[],"class_list":{"0":"post-310","1":"product","2":"type-product","3":"status-publish","4":"has-post-thumbnail","6":"product_cat-entrainement-physique","7":"product_cat-naturopathie","9":"first","10":"instock","11":"virtual","12":"taxable","13":"purchasable","14":"product-type-simple"},"_links":{"self":[{"href":"https:\/\/brodybuilding.com\/fr\/wp-json\/wp\/v2\/product\/310","targetHints":{"allow":["GET"]}}],"collection":[{"href":"https:\/\/brodybuilding.com\/fr\/wp-json\/wp\/v2\/product"}],"about":[{"href":"https:\/\/brodybuilding.com\/fr\/wp-json\/wp\/v2\/types\/product"}],"replies":[{"embeddable":true,"href":"https:\/\/brodybuilding.com\/fr\/wp-json\/wp\/v2\/comments?post=310"}],"wp:featuredmedia":[{"embeddable":true,"href":"https:\/\/brodybuilding.com\/fr\/wp-json\/wp\/v2\/media\/333"}],"wp:attachment":[{"href":"https:\/\/brodybuilding.com\/fr\/wp-json\/wp\/v2\/media?parent=310"}],"wp:term":[{"taxonomy":"product_brand","embeddable":true,"href":"https:\/\/brodybuilding.com\/fr\/wp-json\/wp\/v2\/product_brand?post=310"},{"taxonomy":"product_cat","embeddable":true,"href":"https:\/\/brodybuilding.com\/fr\/wp-json\/wp\/v2\/product_cat?post=310"},{"taxonomy":"product_tag","embeddable":true,"href":"https:\/\/brodybuilding.com\/fr\/wp-json\/wp\/v2\/product_tag?post=310"}],"curies":[{"name":"wp","href":"https:\/\/api.w.org\/{rel}","templated":true}]}}