{"id":1052,"date":"2024-04-27T09:31:09","date_gmt":"2024-04-27T13:31:09","guid":{"rendered":"https:\/\/brodybuilding.com\/product\/preparation-de-levenement\/"},"modified":"2024-04-27T09:31:09","modified_gmt":"2024-04-27T13:31:09","slug":"preparation-de-levenement","status":"publish","type":"product","link":"https:\/\/brodybuilding.com\/fr\/produit\/preparation-de-levenement\/","title":{"rendered":"Pr\u00e9paration de l&rsquo;\u00e9v\u00e9nement"},"content":{"rendered":"<p>Travailler avec un coach de Brodybuilding pendant une p\u00e9riode de 16 semaines pour se pr\u00e9parer \u00e0 un \u00e9v\u00e9nement \u00e0 venir. Que vous vous pr\u00e9pariez pour une comp\u00e9tition, un mariage, des vacances ou une s\u00e9ance photo. Nos m\u00e9thodes vous y conduiront. <\/p>\n","protected":false},"excerpt":{"rendered":"<p>Travailler avec un coach de Brodybuilding pendant une p\u00e9riode de 16 semaines pour se pr\u00e9parer \u00e0 un \u00e9v\u00e9nement \u00e0 venir. Que vous vous pr\u00e9pariez pour une comp\u00e9tition, un mariage, des vacances ou une s\u00e9ance photo. Nos m\u00e9thodes vous y conduiront. <\/p>\n","protected":false},"featured_media":318,"comment_status":"closed","ping_status":"closed","template":"","meta":[],"product_brand":[],"product_cat":[38,44],"product_tag":[],"class_list":{"0":"post-1052","1":"product","2":"type-product","3":"status-publish","4":"has-post-thumbnail","6":"product_cat-entrainement-physique","7":"product_cat-naturopathie","9":"first","10":"instock","11":"virtual","12":"taxable","13":"purchasable","14":"product-type-simple"},"_links":{"self":[{"href":"https:\/\/brodybuilding.com\/fr\/wp-json\/wp\/v2\/product\/1052","targetHints":{"allow":["GET"]}}],"collection":[{"href":"https:\/\/brodybuilding.com\/fr\/wp-json\/wp\/v2\/product"}],"about":[{"href":"https:\/\/brodybuilding.com\/fr\/wp-json\/wp\/v2\/types\/product"}],"replies":[{"embeddable":true,"href":"https:\/\/brodybuilding.com\/fr\/wp-json\/wp\/v2\/comments?post=1052"}],"wp:featuredmedia":[{"embeddable":true,"href":"https:\/\/brodybuilding.com\/fr\/wp-json\/wp\/v2\/media\/318"}],"wp:attachment":[{"href":"https:\/\/brodybuilding.com\/fr\/wp-json\/wp\/v2\/media?parent=1052"}],"wp:term":[{"taxonomy":"product_brand","embeddable":true,"href":"https:\/\/brodybuilding.com\/fr\/wp-json\/wp\/v2\/product_brand?post=1052"},{"taxonomy":"product_cat","embeddable":true,"href":"https:\/\/brodybuilding.com\/fr\/wp-json\/wp\/v2\/product_cat?post=1052"},{"taxonomy":"product_tag","embeddable":true,"href":"https:\/\/brodybuilding.com\/fr\/wp-json\/wp\/v2\/product_tag?post=1052"}],"curies":[{"name":"wp","href":"https:\/\/api.w.org\/{rel}","templated":true}]}}