{"id":401,"date":"2022-10-17T22:11:55","date_gmt":"2022-10-18T02:11:55","guid":{"rendered":"https:\/\/brodybuilding.com\/politique-de-confidentialite\/"},"modified":"2022-11-13T17:07:47","modified_gmt":"2022-11-13T22:07:47","slug":"politique-de-confidentialite","status":"publish","type":"page","link":"https:\/\/brodybuilding.com\/fr\/politique-de-confidentialite\/","title":{"rendered":"Politique de confidentialit\u00e9"},"content":{"rendered":"\t\t<div data-elementor-type=\"wp-page\" data-elementor-id=\"401\" class=\"elementor elementor-401 elementor-3\" data-elementor-post-type=\"page\">\n\t\t\t\t\t\t<section class=\"elementor-section elementor-top-section elementor-element elementor-element-47a3467b elementor-section-boxed elementor-section-height-default elementor-section-height-default\" data-id=\"47a3467b\" data-element_type=\"section\" data-e-type=\"section\">\n\t\t\t\t\t\t<div class=\"elementor-container elementor-column-gap-default\">\n\t\t\t\t\t<div class=\"elementor-column elementor-col-100 elementor-top-column elementor-element elementor-element-616b1d15\" data-id=\"616b1d15\" data-element_type=\"column\" data-e-type=\"column\">\n\t\t\t<div class=\"elementor-widget-wrap elementor-element-populated\">\n\t\t\t\t\t\t<div class=\"elementor-element elementor-element-fcff881 elementor-widget elementor-widget-text-editor\" data-id=\"fcff881\" data-element_type=\"widget\" data-e-type=\"widget\" data-widget_type=\"text-editor.default\">\n\t\t\t\t\t\t\t\t\t<p>Derni\u00e8re mise \u00e0 jour : 13 novembre 2022<\/p>\n\t\t\t\t\t\t\t\t<\/div>\n\t\t\t\t<div class=\"elementor-element elementor-element-1c2933e1 elementor-widget elementor-widget-text-editor\" data-id=\"1c2933e1\" data-element_type=\"widget\" data-e-type=\"widget\" data-widget_type=\"text-editor.default\">\n\t\t\t\t\t\t\t\t\t<h2>Qui sommes-nous?<\/h2>\n<p>Brodybuilding Fitness L&rsquo;adresse de notre site est la suivante : https:\/\/brodybuilding.com<\/p>\n<h2>Commentaires<\/h2>\n<p>Lorsque les visiteurs laissent des commentaires sur le site, nous recueillons les donn\u00e9es indiqu\u00e9es dans le formulaire de commentaires, ainsi que l&rsquo;adresse IP du visiteur et la cha\u00eene d&rsquo;agent utilisateur du navigateur pour faciliter la d\u00e9tection des spams.<\/p>\n<p>Une cha\u00eene anonyme cr\u00e9\u00e9e \u00e0 partir de votre adresse \u00e9lectronique (\u00e9galement appel\u00e9e \u00ab\u00a0hash\u00a0\u00bb) peut \u00eatre fournie au service Gravatar pour savoir si vous l&rsquo;utilisez. La politique de confidentialit\u00e9 du service Gravatar est disponible ici : https:\/\/automattic.com\/privacy\/. Apr\u00e8s approbation de votre commentaire, votre photo de profil est visible par le public dans le contexte de votre commentaire.<\/p>\n<h2>M\u00e9dias<\/h2>\n<p>Si vous t\u00e9l\u00e9chargez des images sur le site Web, vous devez \u00e9viter de le faire avec des donn\u00e9es de localisation int\u00e9gr\u00e9es (GPS EXIF). Les visiteurs du site web peuvent t\u00e9l\u00e9charger et extraire toutes les donn\u00e9es de localisation des images sur le site web.<\/p>\n<h2>Cookies<\/h2>\n<p>Si vous laissez un commentaire sur notre site, vous pouvez accepter que votre nom, votre adresse \u00e9lectronique et votre site web soient enregistr\u00e9s dans des cookies. Ces cookies sont destin\u00e9s \u00e0 vous faciliter la t\u00e2che, de sorte que vous n&rsquo;aurez pas \u00e0 remplir \u00e0 nouveau vos coordonn\u00e9es lorsque vous laisserez un autre commentaire. Ces cookies ont une dur\u00e9e de vie d&rsquo;un an.<\/p>\n<p>Si vous visitez notre page de connexion, nous installerons un cookie temporaire pour d\u00e9terminer si votre navigateur accepte les cookies. Ce cookie ne contient aucune donn\u00e9e personnelle et est supprim\u00e9 lorsque vous fermez votre navigateur.<\/p>\n<p>Lorsque vous vous connecterez, nous installerons \u00e9galement plusieurs cookies pour enregistrer vos informations de connexion et vos choix d&rsquo;affichage d&rsquo;\u00e9cran. Les cookies de connexion durent deux jours, et les cookies d&rsquo;options d&rsquo;\u00e9cran durent un an. Si vous s\u00e9lectionnez l&rsquo;option \u00ab\u00a0Se souvenir de moi\u00a0\u00bb, votre connexion sera conserv\u00e9e pendant deux semaines. Si vous vous d\u00e9connectez de votre compte, les cookies de connexion seront supprim\u00e9s.<\/p>\n<p>Si vous modifiez ou publiez un article, un cookie suppl\u00e9mentaire sera enregistr\u00e9 dans votre navigateur. Ce cookie ne comprend aucune donn\u00e9e personnelle et indique simplement l&rsquo;ID de l&rsquo;article que vous venez de modifier. Il expire apr\u00e8s 1 jour.<\/p>\n<h2>Contenu int\u00e9gr\u00e9 provenant d&rsquo;autres sites web<\/h2>\n<p>Les articles de ce site peuvent inclure du contenu int\u00e9gr\u00e9 (par exemple des vid\u00e9os, des images, des articles, etc.). Le contenu int\u00e9gr\u00e9 provenant d&rsquo;autres sites web se comporte exactement de la m\u00eame mani\u00e8re que si le visiteur avait visit\u00e9 l&rsquo;autre site web.<\/p>\n<p>Ces sites web peuvent collecter des donn\u00e9es vous concernant, utiliser des cookies, int\u00e9grer un suivi suppl\u00e9mentaire par des tiers et surveiller votre interaction avec ce contenu int\u00e9gr\u00e9, y compris le suivi de votre interaction avec le contenu int\u00e9gr\u00e9 si vous avez un compte et \u00eates connect\u00e9 \u00e0 ce site web.<\/p>\n<h2>Avec qui partageons-nous vos donn\u00e9es ?<\/h2>\n<p>Si vous demandez une r\u00e9initialisation de votre mot de passe, votre adresse IP sera incluse dans l&rsquo;e-mail de r\u00e9initialisation.<\/p>\n<h2>Combien de temps conservons-nous vos donn\u00e9es ?<\/h2>\n<p>Si vous laissez un commentaire, celui-ci et ses m\u00e9tadonn\u00e9es sont conserv\u00e9s ind\u00e9finiment. Cela nous permet de reconna\u00eetre et d&rsquo;approuver automatiquement tout commentaire ult\u00e9rieur au lieu de le conserver dans une file d&rsquo;attente de mod\u00e9ration.<\/p>\n<p>Pour les utilisateurs qui s&rsquo;inscrivent sur notre site web (le cas \u00e9ch\u00e9ant), nous conservons \u00e9galement les informations personnelles qu&rsquo;ils fournissent dans leur profil d&rsquo;utilisateur. Tous les utilisateurs peuvent consulter, modifier ou supprimer leurs informations personnelles \u00e0 tout moment (sauf qu&rsquo;ils ne peuvent pas changer leur nom d&rsquo;utilisateur). Les administrateurs du site web peuvent \u00e9galement voir et modifier ces informations.<\/p>\n<h2>Quels sont vos droits sur vos donn\u00e9es<\/h2>\n<p>Si vous avez un compte sur ce site, ou si vous avez laiss\u00e9 des commentaires, vous pouvez demander \u00e0 recevoir un fichier export\u00e9 des donn\u00e9es personnelles que nous d\u00e9tenons \u00e0 votre sujet, y compris toutes les donn\u00e9es que vous nous avez fournies. Vous pouvez \u00e9galement nous demander d&rsquo;effacer toutes les donn\u00e9es personnelles que nous d\u00e9tenons \u00e0 votre sujet. Cela n&rsquo;inclut pas les donn\u00e9es que nous sommes oblig\u00e9s de conserver \u00e0 des fins administratives, juridiques ou de s\u00e9curit\u00e9.<\/p>\n<p>Lorsque vos donn\u00e9es sont envoy\u00e9es Les commentaires des visiteurs peuvent \u00eatre v\u00e9rifi\u00e9s par un service automatis\u00e9 de d\u00e9tection des spams.<\/p>\n<h2>Plugins<\/h2>\n<h3>WPML<\/h3>\n<p>WPML utilise des cookies pour identifier la langue actuelle du visiteur, la derni\u00e8re langue visit\u00e9e et la langue des utilisateurs qui se sont connect\u00e9s.<\/p>\n<p>Pendant que vous utilisez le plugin, WPML partagera des donn\u00e9es concernant le site par le biais d&rsquo;Installer. Aucune donn\u00e9e de l&rsquo;utilisateur lui-m\u00eame ne sera partag\u00e9e.<\/p>\n<p>WPML Translation Management enverra l&rsquo;adresse e-mail et le nom de chaque gestionnaire et traducteur assign\u00e9 ainsi que le contenu lui-m\u00eame \u00e0 l&rsquo;\u00e9diteur de traduction avanc\u00e9 et aux services de traduction utilis\u00e9s.<\/p>\n<p>La traduction de cha\u00eenes de caract\u00e8res de WPML enverra toutes les cha\u00eenes de caract\u00e8res \u00e0 l&rsquo;\u00e9diteur de traduction avanc\u00e9e de WPML et aux services de traduction utilis\u00e9s.<\/p>\n<h3>WooCommerce<\/h3>\n<p>Nous recueillons des informations vous concernant pendant le processus de paiement sur notre boutique.<\/p>\n<p><strong>Ce que nous collectons et stockons <\/strong><\/p>\n<p>Lorsque vous visitez notre site, nous suivons :<\/p>\n<ul>\n<li>Les produits que vous avez consult\u00e9s : nous l&rsquo;utiliserons, par exemple, pour vous montrer les produits que vous avez r\u00e9cemment consult\u00e9s<\/li>\n<li>La localisation, l&rsquo;adresse IP et le type de navigateur : nous l&rsquo;utiliserons \u00e0 des fins telles que l&rsquo;estimation des taxes et des frais d&rsquo;exp\u00e9dition<\/li>\n<li>L&rsquo;adresse d&rsquo;exp\u00e9dition : nous vous demanderons de l&rsquo;indiquer afin de pouvoir, par exemple, estimer les frais d&rsquo;exp\u00e9dition avant que vous ne passiez commande, et vous envoyer la commande !<\/li>\n<\/ul>\n<p>Nous utiliserons \u00e9galement des cookies pour garder trace du contenu du panier pendant que vous naviguez sur notre site.<\/p>\n<p>Lorsque vous effectuez un achat sur notre site, nous vous demandons de fournir des informations telles que votre nom, votre adresse de facturation, votre adresse de livraison, votre adresse \u00e9lectronique, votre num\u00e9ro de t\u00e9l\u00e9phone, les d\u00e9tails de votre carte de cr\u00e9dit\/paiement et des informations facultatives sur votre compte, comme votre nom d&rsquo;utilisateur et votre mot de passe. Nous utiliserons ces informations aux fins suivantes<\/p>\n<ul>\n<li>Vous envoyer des informations sur votre compte et votre commande<\/li>\n<li>R\u00e9pondre \u00e0 vos demandes, y compris les remboursements et les plaintes<\/li>\n<li>Traiter les paiements et pr\u00e9venir la fraude<\/li>\n<li>Configurer votre compte pour notre boutique<\/li>\n<li>Respecter les obligations l\u00e9gales qui nous incombent, comme le calcul des taxes<\/li>\n<li>Am\u00e9liorer les offres de notre magasin<\/li>\n<li>Vous envoyer des messages marketing, si vous choisissez de les recevoir<\/li>\n<\/ul>\n<p>Si vous cr\u00e9ez un compte, nous stockons votre nom, votre adresse, votre adresse \u00e9lectronique et votre num\u00e9ro de t\u00e9l\u00e9phone, qui seront utilis\u00e9s pour remplir la caisse pour les commandes futures.<\/p>\n<p>Nous stockons g\u00e9n\u00e9ralement les informations vous concernant aussi longtemps que nous en avons besoin aux fins pour lesquelles nous les collectons et les utilisons, et nous ne sommes pas l\u00e9galement tenus de continuer \u00e0 les conserver. Par exemple, nous conservons les informations relatives aux commandes pendant XXX ans \u00e0 des fins fiscales et comptables. Ces informations comprennent votre nom, votre adresse e-mail et vos adresses de facturation et d&rsquo;exp\u00e9dition.<\/p>\n<p>Nous conserverons \u00e9galement les commentaires ou les critiques, si vous choisissez de les laisser.<\/p>\n<p><strong>Qui dans notre \u00e9quipe a acc\u00e8s<\/strong><br \/>\nLes membres de notre \u00e9quipe ont acc\u00e8s aux informations que vous nous fournissez. Par exemple, les administrateurs et les responsables de boutique peuvent acc\u00e9der :<\/p>\n<p>Aux informations sur les commandes, comme ce qui a \u00e9t\u00e9 achet\u00e9, quand cela a \u00e9t\u00e9 achet\u00e9 et o\u00f9 cela doit \u00eatre envoy\u00e9, et<br \/>\naux informations sur les clients, comme votre nom, votre adresse e-mail et vos informations de facturation et d&rsquo;exp\u00e9dition.<br \/>\nLes membres de notre \u00e9quipe ont acc\u00e8s \u00e0 ces informations pour nous aider \u00e0 ex\u00e9cuter les commandes, traiter les remboursements et vous assister.<\/p>\n<p><strong>Ce que nous partageons avec d&rsquo;autres<\/strong><br \/>\nNous partageons des informations avec des tiers qui nous aident \u00e0 vous fournir nos services de commande et de magasin ; par exemple &#8212;<\/p>\n<p><strong>Paiements<\/strong><br \/>\nNous acceptons les paiements par l&rsquo;interm\u00e9diaire de PayPal et Stripe. Lors du traitement des paiements, certaines de vos donn\u00e9es seront transmises \u00e0 PayPal ou Stripe, notamment les informations n\u00e9cessaires au traitement ou \u00e0 la prise en charge du paiement, telles que le total de l&rsquo;achat et les informations de facturation.<\/p>\n<p>Veuillez consulter la P<a href=\"https:\/\/www.paypal.com\/ca\/webapps\/mpp\/ua\/privacy-full\" target=\"_blank\" rel=\"noopener\">olitique de confidentialit\u00e9 de PayPal<\/a> et la <a href=\"https:\/\/stripe.com\/fr-ca-ca\/privacy\" target=\"_blank\" rel=\"noopener\">Politique de confidentialit\u00e9 de Stripe<\/a> pour plus de d\u00e9tails.<\/p>\n<p>WooCommerce Multilingual &amp; Multicurrency utilisera des cookies pour comprendre les informations du panier lors de l&rsquo;utilisation de langues dans les domaines et pour transf\u00e9rer des donn\u00e9es entre les domaines.<\/p>\n<p>WooCommerce Multilingue<br \/>\nWooCommerce Multilingual &amp; Multicurrency utilisera \u00e9galement des cookies pour identifier la langue et la devise de la commande de chaque client ainsi que la devise des rapports cr\u00e9\u00e9s par WooCommerce. WooCommerce Multilingue \u00e9tend ces rapports en ajoutant les informations de la devise.<\/p>\n\t\t\t\t\t\t\t\t<\/div>\n\t\t\t\t\t<\/div>\n\t\t<\/div>\n\t\t\t\t\t<\/div>\n\t\t<\/section>\n\t\t\t\t<\/div>\n\t\t","protected":false},"excerpt":{"rendered":"<p>Derni\u00e8re mise \u00e0 jour : 13 novembre 2022 Qui sommes-nous? Brodybuilding Fitness L&rsquo;adresse de notre site est la suivante : https:\/\/brodybuilding.com Commentaires Lorsque les visiteurs laissent des commentaires sur le site, nous recueillons les donn\u00e9es indiqu\u00e9es dans le formulaire de commentaires, ainsi que l&rsquo;adresse IP du visiteur et la cha\u00eene d&rsquo;agent utilisateur du navigateur pour [&hellip;]<\/p>\n","protected":false},"author":1,"featured_media":0,"parent":0,"menu_order":0,"comment_status":"closed","ping_status":"closed","template":"","meta":{"footnotes":""},"class_list":["post-401","page","type-page","status-publish","hentry"],"_links":{"self":[{"href":"https:\/\/brodybuilding.com\/fr\/wp-json\/wp\/v2\/pages\/401","targetHints":{"allow":["GET"]}}],"collection":[{"href":"https:\/\/brodybuilding.com\/fr\/wp-json\/wp\/v2\/pages"}],"about":[{"href":"https:\/\/brodybuilding.com\/fr\/wp-json\/wp\/v2\/types\/page"}],"author":[{"embeddable":true,"href":"https:\/\/brodybuilding.com\/fr\/wp-json\/wp\/v2\/users\/1"}],"replies":[{"embeddable":true,"href":"https:\/\/brodybuilding.com\/fr\/wp-json\/wp\/v2\/comments?post=401"}],"version-history":[{"count":0,"href":"https:\/\/brodybuilding.com\/fr\/wp-json\/wp\/v2\/pages\/401\/revisions"}],"wp:attachment":[{"href":"https:\/\/brodybuilding.com\/fr\/wp-json\/wp\/v2\/media?parent=401"}],"curies":[{"name":"wp","href":"https:\/\/api.w.org\/{rel}","templated":true}]}}